{"id":143,"date":"2014-04-19T16:54:49","date_gmt":"2014-04-19T16:54:49","guid":{"rendered":"http:\/\/kunst.wiethase.de\/?page_id=143"},"modified":"2014-04-19T16:54:59","modified_gmt":"2014-04-19T16:54:59","slug":"oelbilder","status":"publish","type":"page","link":"https:\/\/kunst.wiethase.de\/?page_id=143","title":{"rendered":"\u00d6lbilder"},"content":{"rendered":"<p>Diese Auswahl meiner Arbeiten sind 60X80 cm oder etwas gr\u00f6\u00dfer. Ich arbeite auch gro\u00dfformatig.<\/p>\n<p><a href=\"https:\/\/kunst.wiethase.de\/wp-content\/uploads\/2014\/04\/ego5.jpg\"><img loading=\"lazy\" decoding=\"async\" class=\"alignnone size-thumbnail wp-image-144\" alt=\"ego5\" src=\"https:\/\/kunst.wiethase.de\/wp-content\/uploads\/2014\/04\/ego5-150x150.jpg\" width=\"150\" height=\"150\" \/><\/a> <a href=\"https:\/\/kunst.wiethase.de\/wp-content\/uploads\/2014\/04\/ego8.jpg\"><img loading=\"lazy\" decoding=\"async\" class=\"alignnone size-thumbnail wp-image-145\" alt=\"ego8\" src=\"https:\/\/kunst.wiethase.de\/wp-content\/uploads\/2014\/04\/ego8-150x150.jpg\" width=\"150\" height=\"150\" \/><\/a> <a href=\"https:\/\/kunst.wiethase.de\/wp-content\/uploads\/2014\/04\/IMG_0313.jpg\"><img loading=\"lazy\" decoding=\"async\" class=\"alignnone size-thumbnail wp-image-146\" alt=\"IMG_0313\" src=\"https:\/\/kunst.wiethase.de\/wp-content\/uploads\/2014\/04\/IMG_0313-150x150.jpg\" width=\"150\" height=\"150\" \/><\/a> <a href=\"https:\/\/kunst.wiethase.de\/wp-content\/uploads\/2014\/04\/ego3.jpg\"><img loading=\"lazy\" decoding=\"async\" class=\"alignnone size-thumbnail wp-image-147\" alt=\"ego3\" src=\"https:\/\/kunst.wiethase.de\/wp-content\/uploads\/2014\/04\/ego3-150x150.jpg\" width=\"150\" height=\"150\" \/><\/a> <a href=\"https:\/\/kunst.wiethase.de\/wp-content\/uploads\/2014\/04\/ego13.jpg\"><img loading=\"lazy\" decoding=\"async\" class=\"alignnone size-thumbnail wp-image-148\" alt=\"ego13\" src=\"https:\/\/kunst.wiethase.de\/wp-content\/uploads\/2014\/04\/ego13-150x150.jpg\" width=\"150\" height=\"150\" \/><\/a> <a href=\"https:\/\/kunst.wiethase.de\/wp-content\/uploads\/2014\/04\/ego14.jpg\"><img loading=\"lazy\" decoding=\"async\" class=\"alignnone size-thumbnail wp-image-149\" alt=\"ego14\" src=\"https:\/\/kunst.wiethase.de\/wp-content\/uploads\/2014\/04\/ego14-150x150.jpg\" width=\"150\" height=\"150\" \/><\/a> <a href=\"https:\/\/kunst.wiethase.de\/wp-content\/uploads\/2014\/04\/ego22.jpg\"><img loading=\"lazy\" decoding=\"async\" class=\"alignnone size-thumbnail wp-image-150\" alt=\"ego22\" src=\"https:\/\/kunst.wiethase.de\/wp-content\/uploads\/2014\/04\/ego22-150x150.jpg\" width=\"150\" height=\"150\" \/><\/a><\/p>\n","protected":false},"excerpt":{"rendered":"<p>Diese Auswahl meiner Arbeiten sind 60X80 cm oder etwas gr\u00f6\u00dfer. Ich arbeite auch gro\u00dfformatig.<\/p>\n","protected":false},"author":1,"featured_media":0,"parent":0,"menu_order":0,"comment_status":"closed","ping_status":"closed","template":"page-templates\/full-width.php","meta":{"footnotes":""},"class_list":["post-143","page","type-page","status-publish","hentry"],"_links":{"self":[{"href":"https:\/\/kunst.wiethase.de\/index.php?rest_route=\/wp\/v2\/pages\/143","targetHints":{"allow":["GET"]}}],"collection":[{"href":"https:\/\/kunst.wiethase.de\/index.php?rest_route=\/wp\/v2\/pages"}],"about":[{"href":"https:\/\/kunst.wiethase.de\/index.php?rest_route=\/wp\/v2\/types\/page"}],"author":[{"embeddable":true,"href":"https:\/\/kunst.wiethase.de\/index.php?rest_route=\/wp\/v2\/users\/1"}],"replies":[{"embeddable":true,"href":"https:\/\/kunst.wiethase.de\/index.php?rest_route=%2Fwp%2Fv2%2Fcomments&post=143"}],"version-history":[{"count":1,"href":"https:\/\/kunst.wiethase.de\/index.php?rest_route=\/wp\/v2\/pages\/143\/revisions"}],"predecessor-version":[{"id":151,"href":"https:\/\/kunst.wiethase.de\/index.php?rest_route=\/wp\/v2\/pages\/143\/revisions\/151"}],"wp:attachment":[{"href":"https:\/\/kunst.wiethase.de\/index.php?rest_route=%2Fwp%2Fv2%2Fmedia&parent=143"}],"curies":[{"name":"wp","href":"https:\/\/api.w.org\/{rel}","templated":true}]}}