{"id":59,"date":"2014-04-19T13:42:08","date_gmt":"2014-04-19T13:42:08","guid":{"rendered":"http:\/\/kunst.wiethase.de\/?page_id=59"},"modified":"2014-04-19T14:55:36","modified_gmt":"2014-04-19T14:55:36","slug":"radierungen","status":"publish","type":"page","link":"https:\/\/kunst.wiethase.de\/?page_id=59","title":{"rendered":"Radierungen"},"content":{"rendered":"<p>Gr\u00f6\u00dfen und Preise der Arbeiten auf Anfrage. Es sind noch Reste der Kleinauflagen vorr\u00e4tig.<\/p>\n<p><a href=\"https:\/\/kunst.wiethase.de\/wp-content\/uploads\/2014\/04\/radier7.jpg\"><img loading=\"lazy\" decoding=\"async\" class=\"alignnone size-thumbnail wp-image-60\" alt=\"radier7\" src=\"https:\/\/kunst.wiethase.de\/wp-content\/uploads\/2014\/04\/radier7-150x150.jpg\" width=\"150\" height=\"150\" \/><\/a> <a href=\"https:\/\/kunst.wiethase.de\/wp-content\/uploads\/2014\/04\/radier9klein.jpg\"><img loading=\"lazy\" decoding=\"async\" class=\"alignnone size-thumbnail wp-image-61\" alt=\"radier9klein\" src=\"https:\/\/kunst.wiethase.de\/wp-content\/uploads\/2014\/04\/radier9klein-150x150.jpg\" width=\"150\" height=\"150\" \/><\/a> <a href=\"https:\/\/kunst.wiethase.de\/wp-content\/uploads\/2014\/04\/redier10.jpg\"><img loading=\"lazy\" decoding=\"async\" class=\"alignnone size-thumbnail wp-image-62\" alt=\"redier10\" src=\"https:\/\/kunst.wiethase.de\/wp-content\/uploads\/2014\/04\/redier10-150x150.jpg\" width=\"150\" height=\"150\" \/><\/a> <a href=\"https:\/\/kunst.wiethase.de\/wp-content\/uploads\/2014\/04\/redier12.jpg\"><img loading=\"lazy\" decoding=\"async\" class=\"alignnone size-thumbnail wp-image-63\" alt=\"redier12\" src=\"https:\/\/kunst.wiethase.de\/wp-content\/uploads\/2014\/04\/redier12-150x150.jpg\" width=\"150\" height=\"150\" \/><\/a><a href=\"https:\/\/kunst.wiethase.de\/wp-content\/uploads\/2014\/04\/rad-a2k.jpg\"><img loading=\"lazy\" decoding=\"async\" class=\"alignnone size-thumbnail wp-image-65\" alt=\"rad a2k\" src=\"https:\/\/kunst.wiethase.de\/wp-content\/uploads\/2014\/04\/rad-a2k-150x150.jpg\" width=\"150\" height=\"150\" \/><\/a> <a href=\"https:\/\/kunst.wiethase.de\/wp-content\/uploads\/2014\/04\/rade.jpg\"><img loading=\"lazy\" decoding=\"async\" class=\"alignnone size-thumbnail wp-image-69\" alt=\"rade\" src=\"https:\/\/kunst.wiethase.de\/wp-content\/uploads\/2014\/04\/rade-150x150.jpg\" width=\"150\" height=\"150\" \/><\/a> <a href=\"https:\/\/kunst.wiethase.de\/wp-content\/uploads\/2014\/04\/radf.jpg\"><img loading=\"lazy\" decoding=\"async\" class=\"alignnone size-thumbnail wp-image-70\" alt=\"radf\" src=\"https:\/\/kunst.wiethase.de\/wp-content\/uploads\/2014\/04\/radf-150x150.jpg\" width=\"150\" height=\"150\" \/><\/a> <a href=\"https:\/\/kunst.wiethase.de\/wp-content\/uploads\/2014\/04\/radg.jpg\"><img loading=\"lazy\" decoding=\"async\" class=\"alignnone size-thumbnail wp-image-71\" alt=\"radg\" src=\"https:\/\/kunst.wiethase.de\/wp-content\/uploads\/2014\/04\/radg-150x150.jpg\" width=\"150\" height=\"150\" \/><\/a> <a href=\"https:\/\/kunst.wiethase.de\/wp-content\/uploads\/2014\/04\/radbk1.jpg\"><img loading=\"lazy\" decoding=\"async\" class=\"alignnone size-thumbnail wp-image-77\" alt=\"radbk\" src=\"https:\/\/kunst.wiethase.de\/wp-content\/uploads\/2014\/04\/radbk1-150x150.jpg\" width=\"150\" height=\"150\" \/><\/a> <a href=\"https:\/\/kunst.wiethase.de\/wp-content\/uploads\/2014\/04\/radc1.jpg\"><img loading=\"lazy\" decoding=\"async\" class=\"alignnone size-thumbnail wp-image-78\" alt=\"radc\" src=\"https:\/\/kunst.wiethase.de\/wp-content\/uploads\/2014\/04\/radc1-150x150.jpg\" width=\"150\" height=\"150\" \/><\/a> <a href=\"https:\/\/kunst.wiethase.de\/wp-content\/uploads\/2014\/04\/radd1.jpg\"><img loading=\"lazy\" decoding=\"async\" class=\"alignnone size-thumbnail wp-image-79\" alt=\"radd\" src=\"https:\/\/kunst.wiethase.de\/wp-content\/uploads\/2014\/04\/radd1-150x150.jpg\" width=\"150\" height=\"150\" \/><\/a> <a href=\"https:\/\/kunst.wiethase.de\/wp-content\/uploads\/2014\/04\/radh1.jpg\"><img loading=\"lazy\" decoding=\"async\" class=\"alignnone size-thumbnail wp-image-80\" alt=\"radh\" src=\"https:\/\/kunst.wiethase.de\/wp-content\/uploads\/2014\/04\/radh1-150x150.jpg\" width=\"150\" height=\"150\" \/><\/a> <a href=\"https:\/\/kunst.wiethase.de\/wp-content\/uploads\/2014\/04\/radi1.jpg\"><img loading=\"lazy\" decoding=\"async\" class=\"alignnone size-thumbnail wp-image-81\" alt=\"radi\" src=\"https:\/\/kunst.wiethase.de\/wp-content\/uploads\/2014\/04\/radi1-150x150.jpg\" width=\"150\" height=\"150\" \/><\/a><a href=\"https:\/\/kunst.wiethase.de\/wp-content\/uploads\/2014\/04\/radier.a-k.jpg\"><img loading=\"lazy\" decoding=\"async\" class=\"alignnone size-thumbnail wp-image-74\" alt=\"radier.a-k\" src=\"https:\/\/kunst.wiethase.de\/wp-content\/uploads\/2014\/04\/radier.a-k-150x150.jpg\" width=\"150\" height=\"150\" \/><\/a><\/p>\n","protected":false},"excerpt":{"rendered":"<p>Gr\u00f6\u00dfen und Preise der Arbeiten auf Anfrage. Es sind noch Reste der Kleinauflagen vorr\u00e4tig.<\/p>\n","protected":false},"author":1,"featured_media":0,"parent":0,"menu_order":0,"comment_status":"closed","ping_status":"closed","template":"page-templates\/full-width.php","meta":{"footnotes":""},"class_list":["post-59","page","type-page","status-publish","hentry"],"_links":{"self":[{"href":"https:\/\/kunst.wiethase.de\/index.php?rest_route=\/wp\/v2\/pages\/59","targetHints":{"allow":["GET"]}}],"collection":[{"href":"https:\/\/kunst.wiethase.de\/index.php?rest_route=\/wp\/v2\/pages"}],"about":[{"href":"https:\/\/kunst.wiethase.de\/index.php?rest_route=\/wp\/v2\/types\/page"}],"author":[{"embeddable":true,"href":"https:\/\/kunst.wiethase.de\/index.php?rest_route=\/wp\/v2\/users\/1"}],"replies":[{"embeddable":true,"href":"https:\/\/kunst.wiethase.de\/index.php?rest_route=%2Fwp%2Fv2%2Fcomments&post=59"}],"version-history":[{"count":6,"href":"https:\/\/kunst.wiethase.de\/index.php?rest_route=\/wp\/v2\/pages\/59\/revisions"}],"predecessor-version":[{"id":86,"href":"https:\/\/kunst.wiethase.de\/index.php?rest_route=\/wp\/v2\/pages\/59\/revisions\/86"}],"wp:attachment":[{"href":"https:\/\/kunst.wiethase.de\/index.php?rest_route=%2Fwp%2Fv2%2Fmedia&parent=59"}],"curies":[{"name":"wp","href":"https:\/\/api.w.org\/{rel}","templated":true}]}}